{"id":3,"date":"2020-01-29T11:10:40","date_gmt":"2020-01-29T10:10:40","guid":{"rendered":"http:\/\/lionsmalstudio-hannover.de\/?page_id=3"},"modified":"2024-03-23T16:00:08","modified_gmt":"2024-03-23T15:00:08","slug":"datenschutzerklaerung","status":"publish","type":"page","link":"http:\/\/lionsmalstudio-hannover.de\/index.php\/datenschutzerklaerung\/","title":{"rendered":"DATENSCHUTZ"},"content":{"rendered":"<section class=\"wpb-content-wrapper\">[vc_row full_width=&#8220;stretch_row_content_no_spaces&#8220;][vc_column][vc_single_image image=&#8220;584&#8243;][\/vc_column][\/vc_row][vc_row][vc_column][vc_column_text]<!-- \/wp:paragraph --><\/p>\r\n<!-- wp:heading -->\r\n<h2>DATENSCHUTZ<\/h2>\r\n<!-- \/wp:heading -->\r\n<p>&nbsp;<\/p>\r\n<!-- wp:heading {\"level\":3} -->\r\n<h3>Allgemeine Hinweise<\/h3>\r\n<p>Die folgenden Hinweise geben einen einfachen \u00dcberblick dar\u00fcber, was mit Ihren personenbezogenen Daten passiert, wenn Sie unsere Website besuchen. Personenbezogene Daten sind alle Daten, mit denen Sie pers\u00f6nlich identifiziert werden k\u00f6nnen. Ausf\u00fchrliche Informationen zum Thema Datenschutz entnehmen Sie unserer unter diesem Text aufgef\u00fchrten Datenschutzerkl\u00e4rung.<\/p>\r\n<h3>Datenerfassung auf unserer Website<\/h3>\r\n<p>Die Betreiber dieser Seiten nehmen den Schutz Ihrer pers\u00f6nlichen Daten sehr ernst. Wir behandeln Ihre personenbezogenen Daten vertraulich und entsprechend den gesetzlichen Datenschutzvorschriften sowie dieser Datenschutzerkl\u00e4rung.<\/p>\r\n<p>Die Nutzung unserer Webseite ist in der Regel ohne Angabe personenbezogener Daten m\u00f6glich. Soweit auf unseren Seiten personenbezogene Daten (beispielsweise Name, Anschrift oder E-Mail-Adressen) erhoben werden, erfolgt dies, soweit m\u00f6glich, stets auf freiwilliger Basis. Diese Daten werden ohne Ihre ausdr\u00fcckliche Zustimmung nicht an Dritte weitergegeben.<\/p>\r\n<p>Wir weisen darauf hin, dass die Daten\u00fcbertragung im Internet (z.B. bei der Kommunikation per E-Mail) Sicherheitsl\u00fccken aufweisen kann. Ein l\u00fcckenloser Schutz der Daten vor dem Zugriff durch Dritte ist nicht m\u00f6glich.<\/p>\r\n<p>Datenschutzerkl\u00e4rung f\u00fcr die Nutzung von Google Analytics<\/p>\r\n<p>Diese Website nutzt Funktionen des Webanalysedienstes Google Analytics. Anbieter ist die Google Inc. 1600 Amphitheatre Parkway Mountain View, CA 94043, USA. Google Analytics verwendet sog. &#8222;Cookies&#8220;. Das sind Textdateien, die auf Ihrem Computer gespeichert werden und die eine Analyse der Benutzung der Website durch Sie erm\u00f6glichen. Die durch den Cookie erzeugten Informationen \u00fcber Ihre Benutzung dieser Website werden in der Regel an einen Server von Google in den USA \u00fcbertragen und dort gespeichert.<\/p>\r\n<p>Im Falle der Aktivierung der IP-Anonymisierung auf dieser Webseite wird Ihre IP-Adresse von Google jedoch innerhalb von Mitgliedstaaten der Europ\u00e4ischen Union oder in anderen Vertragsstaaten des Abkommens \u00fcber den Europ\u00e4ischen Wirtschaftsraum zuvor gek\u00fcrzt. Nur in Ausnahmef\u00e4llen wird die volle IP-Adresse an einen Server von Google in den USA \u00fcbertragen und dort gek\u00fcrzt. Im Auftrag des Betreibers dieser Website wird Google diese Informationen benutzen, um Ihre Nutzung der Website auszuwerten, um Reports \u00fcber die Websiteaktivit\u00e4ten zusammenzustellen und um weitere mit der Websitenutzung und der Internetnutzung verbundene Dienstleistungen gegen\u00fcber dem Websitebetreiber zu erbringen. Die im Rahmen von Google Analytics von Ihrem Browser \u00fcbermittelte IP-Adresse wird nicht mit anderen Daten von Google zusammengef\u00fchrt.<\/p>\r\n<p>Sie k\u00f6nnen die Speicherung der Cookies durch eine entsprechende Einstellung Ihrer Browser-Software verhindern; wir weisen Sie jedoch darauf hin, dass Sie in diesem Fall gegebenenfalls nicht s\u00e4mtliche Funktionen dieser Website vollumf\u00e4nglich nutzen k\u00f6nnen. Sie k\u00f6nnen dar\u00fcber hinaus die Erfassung der durch das Cookie erzeugten und auf Ihre Nutzung der Website bezogenen Daten (inkl. Ihrer IP-Adresse) an Google sowie die Verarbeitung dieser Daten durch Google verhindern, indem sie das unter dem folgenden Link verf\u00fcgbare Browser-Plugin herunterladen und installieren: <a title=\"https:\/\/tools.google.com\/dlpage\/gaoptout?hl=de\" href=\"https:\/\/tools.google.com\/dlpage\/gaoptout?hl=de\" target=\"_blank\" rel=\"noopener noreferrer\">https:\/\/tools.google.com\/dlpage\/gaoptout?hl=de<\/a><\/p>\r\n<h3>Auskunft, L\u00f6schung, Sperrung<\/h3>\r\n<p>Sie haben jederzeit das Recht auf unentgeltliche Auskunft \u00fcber Ihre gespeicherten personenbezogenen Daten, deren Herkunft und Empf\u00e4nger und den Zweck der Datenverarbeitung sowie ein Recht auf Berichtigung, Sperrung oder L\u00f6schung dieser Daten. Hierzu sowie zu weiteren Fragen zum Thema personenbezogene Daten k\u00f6nnen Sie sich jederzeit unter der im Impressum angegebenen Adresse an uns wenden.<\/p>\r\n<h3>Server-Log-Files<\/h3>\r\n<p>Der Provider der Seiten erhebt und speichert automatisch Informationen in so genannten Server-Log Files, die Ihr Browser automatisch an uns \u00fcbermittelt. Dies sind:<\/p>\r\n<p>Browsertyp\/Browserversion<br \/>verwendetes Betriebssystem<br \/>Referrer URL<br \/>Hostname des zugreifenden Rechners<br \/>Uhrzeit der Serveranfrage<\/p>\r\n<p>Diese Daten sind nicht bestimmten Personen zuordenbar. Eine Zusammenf\u00fchrung dieser Daten mit anderen Datenquellen wird nicht vorgenommen. Wir behalten uns vor, diese Daten nachtr\u00e4glich zu pr\u00fcfen, wenn uns konkrete Anhaltspunkte f\u00fcr eine rechtswidrige Nutzung bekannt werden.<\/p>\r\n<h3>Cookies<\/h3>\r\n<p>Die Internetseiten verwenden teilweise so genannte Cookies. Cookies richten auf Ihrem Rechner keinen Schaden an und enthalten keine Viren. Cookies dienen dazu, unser Angebot nutzerfreundlicher, effektiver und sicherer zu machen. Cookies sind kleine Textdateien, die auf Ihrem Rechner abgelegt werden und die Ihr Browser speichert.<\/p>\r\n<p>Die meisten der von uns verwendeten Cookies sind so genannte \u201eSession-Cookies\u201c. Sie werden nach Ende Ihres Besuchs automatisch gel\u00f6scht. Andere Cookies bleiben auf Ihrem Endger\u00e4t gespeichert, bis Sie diese l\u00f6schen. Diese Cookies erm\u00f6glichen es uns, Ihren Browser beim n\u00e4chsten Besuch wiederzuerkennen.<\/p>\r\n<p>Sie k\u00f6nnen Ihren Browser so einstellen, dass Sie \u00fcber das Setzen von Cookies informiert werden und Cookies nur im Einzelfall erlauben, die Annahme von Cookies f\u00fcr bestimmte F\u00e4lle oder generell ausschlie\u00dfen sowie das automatische L\u00f6schen der Cookies beim Schlie\u00dfen des Browsers aktivieren. Bei der Deaktivierung von Cookies kann die Funktionalit\u00e4t dieser Website eingeschr\u00e4nkt sein.<\/p>\r\n<h3>Kontakt<\/h3>\r\n<p>Wenn Sie uns von sich aus personenbezogene Daten mitteilen, beispielsweise per Kontaktformular, werden wir Ihre auf diese Weise \u00fcbermittelten Daten und Angaben ausschlie\u00dflich f\u00fcr die Zwecke verwenden, zu denen Sie uns diese bei der Kontaktierung zur Verf\u00fcgung stellen.<\/p>\r\n<p>Eine Mitteilung dieser Angaben erfolgt ausdr\u00fccklich auf freiwilliger Basis und mit Ihrer Einwilligung. Soweit es sich hierbei um Angaben zu Kommunikationskan\u00e4len (beispielsweise E-Mail-Adresse, Telefonnummer) handelt, willigen Sie au\u00dferdem ein, dass wir Sie ggf. auch \u00fcber diesen Kommunikationskanal kontaktieren, um Ihr Anliegen zu beantworten.<\/p>\r\n<p>Ihre Einwilligungserkl\u00e4rungen k\u00f6nnen Sie selbstverst\u00e4ndlich jederzeit f\u00fcr die Zukunft uns gegen\u00fcber widerrufen.<\/p>\r\n[\/vc_column_text][\/vc_column][\/vc_row][vc_row full_width=&#8220;stretch_row&#8220;][vc_column]<div class=\"templatera_shortcode\"><style type=\"text\/css\" data-type=\"vc_shortcodes-custom-css\">.vc_custom_1698854107912{background-image: url(http:\/\/lionsmalstudio-hannover.de\/wp-content\/uploads\/2020\/01\/Wand.jpg?id=103) !important;background-position: center !important;background-repeat: no-repeat !important;background-size: cover !important;}.vc_custom_1581288956255{margin-bottom: 0px !important;padding-top: 20px !important;padding-right: 20px !important;padding-bottom: 40px !important;padding-left: 40px !important;}.vc_custom_1580405360057{padding-top: 20px !important;padding-right: 20px !important;padding-bottom: 20px !important;padding-left: 20px !important;}.vc_custom_1665395475438{margin-bottom: 10px !important;}.vc_custom_1717005684858{padding-top: 20px !important;padding-right: 20px !important;padding-bottom: 0px !important;padding-left: 20px !important;}.vc_custom_1717005676716{padding-top: 0px !important;padding-right: 20px !important;padding-bottom: 40px !important;padding-left: 20px !important;}.vc_custom_1717005526268{padding-top: 0px !important;padding-right: 20px !important;padding-bottom: 40px !important;padding-left: 20px !important;}.vc_custom_1755372496287{padding-top: 0px !important;padding-right: 20px !important;padding-bottom: 40px !important;padding-left: 20px !important;}.vc_custom_1748018392195{padding-top: 0px !important;padding-right: 20px !important;padding-bottom: 40px !important;padding-left: 20px !important;}.vc_custom_1760607470510{padding-top: 0px !important;padding-right: 20px !important;padding-bottom: 40px !important;padding-left: 20px !important;}.vc_custom_1581436329145{padding-right: 20px !important;padding-left: 20px !important;}.vc_custom_1581434487827{padding-right: 20px !important;}<\/style>[vc_row][vc_column][vc_separator color=\"black\"][\/vc_column][\/vc_row][vc_row equal_height=\"yes\" remove_bottom_col_margin=\"true\" center_row=\"yes\" wpex_fixed_bg=\"fixed-bottom\" css=\".vc_custom_1698854107912{background-image: url(http:\/\/lionsmalstudio-hannover.de\/wp-content\/uploads\/2020\/01\/Wand.jpg?id=103) !important;background-position: center !important;background-repeat: no-repeat !important;background-size: cover !important;}\"][vc_column width=\"1\/3\" css=\".vc_custom_1581288956255{margin-bottom: 0px !important;padding-top: 20px !important;padding-right: 20px !important;padding-bottom: 40px !important;padding-left: 40px !important;}\"][vc_column_text responsive_text=\"true\" color=\"#103c4f\" font_size=\"20\" css=\".vc_custom_1665395475438{margin-bottom: 10px !important;}\"]<strong>LIONSMALSTUDIO\r\nHANNOVER E.V.<\/strong>[\/vc_column_text][vc_column_text color=\"#103c4f\" font_size=\"14\"]<strong>Lions Malstudio Hannover e.V.<\/strong>\r\nKurt-Schumacher-Str. 18\r\n30159 Hannover\r\n0177 494 6461\r\n<strong>\r\nE-Mail:<\/strong> <a href=\"mailto:info@lionsmalstudio.clubdesk.com\">info@lionsmalstudio.clubdesk.com<\/a>\r\n\r\n<strong>Besuchen Sie uns auf Instagram:<\/strong>[\/vc_column_text][vc_icon type=\"monosocial\" icon_monosocial=\"vc-mono vc-mono-instagram\" color=\"green\" link=\"url:https%3A%2F%2Fwww.instagram.com%2Flionsmalstudio%2F|target:_blank\"][\/vc_column][vc_column width=\"1\/3\" wpex_fixed_bg=\"fixed-bottom\"][vc_single_image image=\"715\" img_size=\"medium\" alignment=\"center\" css=\".vc_custom_1717005684858{padding-top: 20px !important;padding-right: 20px !important;padding-bottom: 0px !important;padding-left: 20px !important;}\"][vc_single_image image=\"716\" img_size=\"medium\" alignment=\"center\" css=\".vc_custom_1717005676716{padding-top: 0px !important;padding-right: 20px !important;padding-bottom: 40px !important;padding-left: 20px !important;}\"][vc_single_image image=\"1367\" img_size=\"medium\" alignment=\"center\" css=\".vc_custom_1717005526268{padding-top: 0px !important;padding-right: 20px !important;padding-bottom: 40px !important;padding-left: 20px !important;}\"][vc_single_image image=\"1738\" img_size=\"medium\" alignment=\"center\" css=\".vc_custom_1755372496287{padding-top: 0px !important;padding-right: 20px !important;padding-bottom: 40px !important;padding-left: 20px !important;}\"][vc_single_image image=\"1643\" img_size=\"medium\" alignment=\"center\" onclick=\"custom_link\" img_link_target=\"_blank\" css=\".vc_custom_1748018392195{padding-top: 0px !important;padding-right: 20px !important;padding-bottom: 40px !important;padding-left: 20px !important;}\" link=\"https:\/\/www.hannonetz.de\/\"][vc_single_image image=\"1760\" img_size=\"medium\" alignment=\"center\" onclick=\"custom_link\" img_link_target=\"_blank\" css=\".vc_custom_1760607470510{padding-top: 0px !important;padding-right: 20px !important;padding-bottom: 40px !important;padding-left: 20px !important;}\" link=\"https:\/\/www.hannonetz.de\/\"][\/vc_column][vc_column width=\"1\/3\" css=\".vc_custom_1580405360057{padding-top: 20px !important;padding-right: 20px !important;padding-bottom: 20px !important;padding-left: 20px !important;}\"][vc_column_text responsive_text=\"true\" color=\"#103c4f\" css=\".vc_custom_1581436329145{padding-right: 20px !important;padding-left: 20px !important;}\" font_size=\"20\" text_align=\"right\"]\r\n<p style=\"text-align: right;\">RECHTLICHES<\/p>\r\n[\/vc_column_text][vc_column_text responsive_text=\"true\" color=\"#103c4f\" font_size=\"16\" css=\".vc_custom_1581434487827{padding-right: 20px !important;}\" text_align=\"right\"]<strong><a href=\"http:\/\/lionsmalstudio-hannover.de\/index.php\/impressum\/\">Impressum<\/a><\/strong>\r\n<strong><a href=\"http:\/\/lionsmalstudio-hannover.de\/index.php\/datenschutzerklaerung\/\">Datenschutz<\/a><\/strong>\r\n<strong><a href=\"http:\/\/lionsmalstudio-hannover.de\/index.php\/kontakt\/\">Kontakt<\/a><\/strong>[\/vc_column_text][\/vc_column][\/vc_row]<\/div>[\/vc_column][\/vc_row]<\/section>","protected":false},"excerpt":{"rendered":"<p>[vc_row full_width=&#8220;stretch_row_content_no_spaces&#8220;][vc_column][vc_single_image image=&#8220;584&#8243;][\/vc_column][\/vc_row][vc_row][vc_column][vc_column_text] DATENSCHUTZ &nbsp; Allgemeine Hinweise Die folgenden Hinweise geben einen einfachen \u00dcberblick dar\u00fcber, was mit Ihren personenbezogenen Daten passiert, wenn Sie unsere Website besuchen. Personenbezogene Daten sind alle Daten, mit denen Sie pers\u00f6nlich identifiziert werden k\u00f6nnen. Ausf\u00fchrliche Informationen zum Thema Datenschutz entnehmen Sie unserer unter diesem Text aufgef\u00fchrten Datenschutzerkl\u00e4rung. Datenerfassung auf unserer Website&hellip;<\/p>\n","protected":false},"author":1,"featured_media":0,"parent":0,"menu_order":0,"comment_status":"closed","ping_status":"open","template":"","meta":{"footnotes":""},"class_list":["post-3","page","type-page","status-publish","hentry","entry","no-media"],"_links":{"self":[{"href":"http:\/\/lionsmalstudio-hannover.de\/index.php\/wp-json\/wp\/v2\/pages\/3"}],"collection":[{"href":"http:\/\/lionsmalstudio-hannover.de\/index.php\/wp-json\/wp\/v2\/pages"}],"about":[{"href":"http:\/\/lionsmalstudio-hannover.de\/index.php\/wp-json\/wp\/v2\/types\/page"}],"author":[{"embeddable":true,"href":"http:\/\/lionsmalstudio-hannover.de\/index.php\/wp-json\/wp\/v2\/users\/1"}],"replies":[{"embeddable":true,"href":"http:\/\/lionsmalstudio-hannover.de\/index.php\/wp-json\/wp\/v2\/comments?post=3"}],"version-history":[{"count":22,"href":"http:\/\/lionsmalstudio-hannover.de\/index.php\/wp-json\/wp\/v2\/pages\/3\/revisions"}],"predecessor-version":[{"id":1024,"href":"http:\/\/lionsmalstudio-hannover.de\/index.php\/wp-json\/wp\/v2\/pages\/3\/revisions\/1024"}],"wp:attachment":[{"href":"http:\/\/lionsmalstudio-hannover.de\/index.php\/wp-json\/wp\/v2\/media?parent=3"}],"curies":[{"name":"wp","href":"https:\/\/api.w.org\/{rel}","templated":true}]}}